{"id":233,"date":"2022-07-04T16:37:16","date_gmt":"2022-07-04T14:37:16","guid":{"rendered":"http:\/\/floressence.de\/?page_id=233"},"modified":"2025-04-07T16:34:30","modified_gmt":"2025-04-07T14:34:30","slug":"impressum","status":"publish","type":"page","link":"https:\/\/www.floressence.de\/?page_id=233","title":{"rendered":"Impressum"},"content":{"rendered":"<p>[et_pb_section fb_built=&#8220;1&#8243; _builder_version=&#8220;4.16.0&#8243; _module_preset=&#8220;default&#8220; global_colors_info=&#8220;{}&#8220;][et_pb_row _builder_version=&#8220;4.16.0&#8243; _module_preset=&#8220;default&#8220; global_colors_info=&#8220;{}&#8220;][et_pb_column type=&#8220;4_4&#8243; _builder_version=&#8220;4.16.0&#8243; _module_preset=&#8220;default&#8220; global_colors_info=&#8220;{}&#8220;][et_pb_text _builder_version=&#8220;4.16.0&#8243; _module_preset=&#8220;default&#8220; text_font=&#8220;Source Sans Pro||||||||&#8220; global_colors_info=&#8220;{}&#8220;]<\/p>\n<p>Quintessence Naturprodukte GmbH<br \/><span style=\"background-color: transparent; letter-spacing: 0px;\">Wolfegger Str. 6\u00a0<\/span><br \/>88267 Vogt<br \/>Fon: 0 75 29 &#8211; 973 730<br \/>Fax: 0 75 29 &#8211; 973 740<br \/>E-Mail: info@natuerlich-quintessence.de<br \/>Internet:\u00a0<a target=\"_self\" href=\"http:\/\/www.natuerlich-quintessence.de\" rel=\"noopener\">www.natuerlich-quintessence.de<\/a><\/p>\n<p>&nbsp;<\/p>\n<p>Quintessence Naturprodukte GmbH wird vertreten durch die pers\u00f6nlich haftende Gesellschafterin: Quintessence Verwaltungs GmbH, AG Ulm, HRB 552614; diese wird vertreten durch: Gesch\u00e4ftsf\u00fchrer: Udo Massong<\/p>\n<p>&nbsp;<\/p>\n<p>Quintessence Naturprodukte GmbH | <strong>Gesch\u00e4ftsf\u00fchrer<\/strong>: Udo Massong<br \/><strong>Registergericht:<\/strong> Amtsgericht Ulm<br \/><strong>Registernummer:<\/strong> HRB 552614<\/p>\n<p>&nbsp;<\/p>\n<p><b>Umsatzsteuer-Identifikationsnummer gem\u00e4\u00df \u00a7 27a Umsatzsteuergesetz:<\/b> DE369623454<\/p>\n<p>[\/et_pb_text][\/et_pb_column][\/et_pb_row][\/et_pb_section]<\/p>\n","protected":false},"excerpt":{"rendered":"<p>Quintessence Naturprodukte GmbHWolfegger Str. 6\u00a088267 VogtFon: 0 75 29 &#8211; 973 730Fax: 0 75 29 &#8211; 973 740E-Mail: info@natuerlich-quintessence.deInternet:\u00a0www.natuerlich-quintessence.de &nbsp; Quintessence Naturprodukte GmbH wird vertreten durch die pers\u00f6nlich haftende Gesellschafterin: Quintessence Verwaltungs GmbH, AG Ulm, HRB 552614; diese wird vertreten durch: Gesch\u00e4ftsf\u00fchrer: Udo Massong &nbsp; Quintessence Naturprodukte GmbH | Gesch\u00e4ftsf\u00fchrer: Udo MassongRegistergericht: Amtsgericht UlmRegisternummer: HRB [&hellip;]<\/p>\n","protected":false},"author":1,"featured_media":0,"parent":0,"menu_order":0,"comment_status":"closed","ping_status":"closed","template":"","meta":{"_et_pb_use_builder":"on","_et_pb_old_content":"","_et_gb_content_width":"","footnotes":""},"class_list":["post-233","page","type-page","status-publish","hentry"],"_links":{"self":[{"href":"https:\/\/www.floressence.de\/index.php?rest_route=\/wp\/v2\/pages\/233","targetHints":{"allow":["GET"]}}],"collection":[{"href":"https:\/\/www.floressence.de\/index.php?rest_route=\/wp\/v2\/pages"}],"about":[{"href":"https:\/\/www.floressence.de\/index.php?rest_route=\/wp\/v2\/types\/page"}],"author":[{"embeddable":true,"href":"https:\/\/www.floressence.de\/index.php?rest_route=\/wp\/v2\/users\/1"}],"replies":[{"embeddable":true,"href":"https:\/\/www.floressence.de\/index.php?rest_route=%2Fwp%2Fv2%2Fcomments&post=233"}],"version-history":[{"count":4,"href":"https:\/\/www.floressence.de\/index.php?rest_route=\/wp\/v2\/pages\/233\/revisions"}],"predecessor-version":[{"id":1477,"href":"https:\/\/www.floressence.de\/index.php?rest_route=\/wp\/v2\/pages\/233\/revisions\/1477"}],"wp:attachment":[{"href":"https:\/\/www.floressence.de\/index.php?rest_route=%2Fwp%2Fv2%2Fmedia&parent=233"}],"curies":[{"name":"wp","href":"https:\/\/api.w.org\/{rel}","templated":true}]}}